{"id":56,"date":"2020-05-09T15:45:04","date_gmt":"2020-05-09T13:45:04","guid":{"rendered":"http:\/\/telescapade.com\/?page_id=56"},"modified":"2020-05-10T20:14:34","modified_gmt":"2020-05-10T18:14:34","slug":"nature","status":"publish","type":"page","link":"http:\/\/telescapade.com\/index.php\/accueil\/nature\/","title":{"rendered":"NATURE"},"content":{"rendered":"<p><strong>R\u00e9inventons ensemble la d\u00e9couverte et l&rsquo;exploration de la nature<br \/>\n<\/strong><\/p>\n<p>R\u00e9chauffement climatique, d\u00e9forestation, pollution, disparition de la faune et de la flore&#8230;<\/p>\n<p>Organisations de protection de l&rsquo;environnement, parcs nationaux et r\u00e9gionaux, scientifiques et biologistes doivent trouver des moyens novateurs pour sensibiliser le grand public \u00e0 la n\u00e9cessit\u00e9 et \u00e0 l&rsquo;urgence de sauvegarder le patrimoine naturel de notre plan\u00e8te.<\/p>\n<p>R\u00e9seaux sociaux, sciences participatives, retransmissions en direct seront des outils indispensables pour mener \u00e0 bien cette sensibilisation notamment aupr\u00e8s des jeunes \u00e0 travers des programmes d&rsquo;\u00e9ducation \u00e0 destination des \u00e9coles.<\/p>\n<p>L&rsquo;\u00e9quipe de Telescapade est \u00e0 votre \u00e9coute si vous souhaitez b\u00e2tir\u00a0 avec nous des programmes d&rsquo;\u00e9ducation \u00e0 l&rsquo;environnement 3.0.<\/p>\n<hr \/>\n<p><strong>Ils nous soutiennent<\/strong><\/p>\n<p><img loading=\"lazy\" decoding=\"async\" class=\"size-full wp-image-280 aligncenter\" src=\"http:\/\/telescapade.com\/wp-content\/uploads\/2020\/05\/CVDL.png\" alt=\"CVDL\" width=\"298\" height=\"169\" \/><\/p>\n","protected":false},"excerpt":{"rendered":"<p>R\u00e9inventons ensemble la d\u00e9couverte et l&rsquo;exploration de la nature R\u00e9chauffement climatique, d\u00e9forestation, pollution, disparition de la faune et de la flore&#8230; Organisations de protection de l&rsquo;environnement, parcs nationaux et r\u00e9gionaux, scientifiques et biologistes doivent trouver des moyens novateurs pour sensibiliser le grand public \u00e0 la n\u00e9cessit\u00e9 et \u00e0 l&rsquo;urgence de sauvegarder le patrimoine naturel de &hellip; <a href=\"http:\/\/telescapade.com\/index.php\/accueil\/nature\/\" class=\"more-link\">Continuer la lecture de <span class=\"screen-reader-text\">NATURE<\/span>  <span class=\"meta-nav\">&rarr;<\/span><\/a><\/p>\n","protected":false},"author":1,"featured_media":51,"parent":2,"menu_order":0,"comment_status":"closed","ping_status":"closed","template":"","meta":{"footnotes":""},"_links":{"self":[{"href":"http:\/\/telescapade.com\/index.php\/wp-json\/wp\/v2\/pages\/56"}],"collection":[{"href":"http:\/\/telescapade.com\/index.php\/wp-json\/wp\/v2\/pages"}],"about":[{"href":"http:\/\/telescapade.com\/index.php\/wp-json\/wp\/v2\/types\/page"}],"author":[{"embeddable":true,"href":"http:\/\/telescapade.com\/index.php\/wp-json\/wp\/v2\/users\/1"}],"replies":[{"embeddable":true,"href":"http:\/\/telescapade.com\/index.php\/wp-json\/wp\/v2\/comments?post=56"}],"version-history":[{"count":7,"href":"http:\/\/telescapade.com\/index.php\/wp-json\/wp\/v2\/pages\/56\/revisions"}],"predecessor-version":[{"id":285,"href":"http:\/\/telescapade.com\/index.php\/wp-json\/wp\/v2\/pages\/56\/revisions\/285"}],"up":[{"embeddable":true,"href":"http:\/\/telescapade.com\/index.php\/wp-json\/wp\/v2\/pages\/2"}],"wp:featuredmedia":[{"embeddable":true,"href":"http:\/\/telescapade.com\/index.php\/wp-json\/wp\/v2\/media\/51"}],"wp:attachment":[{"href":"http:\/\/telescapade.com\/index.php\/wp-json\/wp\/v2\/media?parent=56"}],"curies":[{"name":"wp","href":"https:\/\/api.w.org\/{rel}","templated":true}]}}