{"id":43,"date":"2020-05-09T13:58:13","date_gmt":"2020-05-09T11:58:13","guid":{"rendered":"http:\/\/telescapade.com\/?page_id=43"},"modified":"2020-05-15T11:44:59","modified_gmt":"2020-05-15T09:44:59","slug":"bien-etre","status":"publish","type":"page","link":"http:\/\/telescapade.com\/index.php\/accueil\/bien-etre\/","title":{"rendered":"BIEN-\u00caTRE &#038; SANT\u00c9"},"content":{"rendered":"<p><strong>R\u00e9inventons ensemble le lien de nos a\u00een\u00e9s avec le monde ext\u00e9rieur<br \/>\n<\/strong><\/p>\n<p><img loading=\"lazy\" decoding=\"async\" class=\"alignnone size-full wp-image-88\" src=\"http:\/\/telescapade.com\/wp-content\/uploads\/2020\/05\/Diapositive07.jpg\" alt=\"Diapositive07\" width=\"1600\" height=\"900\" srcset=\"http:\/\/telescapade.com\/wp-content\/uploads\/2020\/05\/Diapositive07.jpg 1600w, http:\/\/telescapade.com\/wp-content\/uploads\/2020\/05\/Diapositive07-300x169.jpg 300w, http:\/\/telescapade.com\/wp-content\/uploads\/2020\/05\/Diapositive07-768x432.jpg 768w, http:\/\/telescapade.com\/wp-content\/uploads\/2020\/05\/Diapositive07-1024x576.jpg 1024w\" sizes=\"(max-width: 1600px) 100vw, 1600px\" \/><\/p>\n<p>Les personnes \u00e2g\u00e9es ou en situation de handicap qui int\u00e8grent un EHPAD ou un \u00e9tablissement hospitalier n\u2019ont le plus souvent pas ou<br \/>\nplus la possibilit\u00e9 d\u2019en sortir physiquement du fait de leur perte d\u2019autonomie, de leur handicap ou \u00e0 cause de ressources financi\u00e8res limit\u00e9es.<\/p>\n<p><img loading=\"lazy\" decoding=\"async\" class=\"alignnone size-full wp-image-86\" src=\"http:\/\/telescapade.com\/wp-content\/uploads\/2020\/05\/Diapositive021.jpg\" alt=\"Diapositive02(1)\" width=\"1600\" height=\"900\" srcset=\"http:\/\/telescapade.com\/wp-content\/uploads\/2020\/05\/Diapositive021.jpg 1600w, http:\/\/telescapade.com\/wp-content\/uploads\/2020\/05\/Diapositive021-300x169.jpg 300w, http:\/\/telescapade.com\/wp-content\/uploads\/2020\/05\/Diapositive021-768x432.jpg 768w, http:\/\/telescapade.com\/wp-content\/uploads\/2020\/05\/Diapositive021-1024x576.jpg 1024w\" sizes=\"(max-width: 1600px) 100vw, 1600px\" \/><\/p>\n<p>Notre projet <strong>ExteriorEyes<\/strong> apporte aux r\u00e9sidents de maisons de retraites, de soins de suite et des h\u00f4pitaux un acc\u00e8s en direct aux activit\u00e9s touristiques gr\u00e2ce \u00e0 l\u2019utilisation de la visioconf\u00e9rence mobile et interactive et \u00e0 la R\u00e9alit\u00e9 Virtuelle en direct afin de leur rendre la d\u00e9couverte et l\u2019exploration du monde ext\u00e9rieur \u00e0 nouveau accessible. Nous travaillerons avec un r\u00e9seau de guides conf\u00e9renciers affili\u00e9s qui r\u00e9aliseront les \u00ab t\u00e9l\u00e9scapades \u00bb sur des lieux touristiques et culturels gr\u00e2ce \u00e0 la mise \u00e0 disposition d\u2019un syst\u00e8me de visioconf\u00e9rence mobile multi-cam\u00e9ras connect\u00e9 \u00e0 une plateforme Web.<\/p>\n<p><img loading=\"lazy\" decoding=\"async\" class=\"alignnone size-full wp-image-90\" src=\"http:\/\/telescapade.com\/wp-content\/uploads\/2020\/05\/Diapositive05.jpg\" alt=\"Diapositive05\" width=\"1600\" height=\"900\" srcset=\"http:\/\/telescapade.com\/wp-content\/uploads\/2020\/05\/Diapositive05.jpg 1600w, http:\/\/telescapade.com\/wp-content\/uploads\/2020\/05\/Diapositive05-300x169.jpg 300w, http:\/\/telescapade.com\/wp-content\/uploads\/2020\/05\/Diapositive05-768x432.jpg 768w, http:\/\/telescapade.com\/wp-content\/uploads\/2020\/05\/Diapositive05-1024x576.jpg 1024w\" sizes=\"(max-width: 1600px) 100vw, 1600px\" \/><\/p>\n<p>Notre solution remplit des besoins non satisfaits dans le secteur des services \u00e0 la personne en r\u00e9sidence ou en milieu hospitalier. Pour nos clients nous proposons un service digital offrant une activit\u00e9 de bien-\u00eatre stimulante \u00e0 leurs r\u00e9sidents. Pour leurs r\u00e9sidents, nous leur permettons de \u00ab sortir \u00bb des murs de leur \u00e9tablissement pour vivre (ou de revivre) des escapades audiovisuelles interactives leur permettant d\u2019explorer par procuration le monde ext\u00e9rieur ou de red\u00e9couvrir des lieux visit\u00e9s dans leur pass\u00e9.<\/p>\n<p><strong>Ils nous soutiennent<\/strong><\/p>\n<p><img loading=\"lazy\" decoding=\"async\" class=\"alignnone size-full wp-image-272\" src=\"http:\/\/telescapade.com\/wp-content\/uploads\/2020\/05\/DomusVi-ART-logo-2018.jpg_reference.jpg\" alt=\"DomusVi-ART-logo-2018.jpg_reference\" width=\"569\" height=\"340\" srcset=\"http:\/\/telescapade.com\/wp-content\/uploads\/2020\/05\/DomusVi-ART-logo-2018.jpg_reference.jpg 569w, http:\/\/telescapade.com\/wp-content\/uploads\/2020\/05\/DomusVi-ART-logo-2018.jpg_reference-300x179.jpg 300w\" sizes=\"(max-width: 569px) 100vw, 569px\" \/><\/p>\n<p>&nbsp;<\/p>\n","protected":false},"excerpt":{"rendered":"<p>R\u00e9inventons ensemble le lien de nos a\u00een\u00e9s avec le monde ext\u00e9rieur Les personnes \u00e2g\u00e9es ou en situation de handicap qui int\u00e8grent un EHPAD ou un \u00e9tablissement hospitalier n\u2019ont le plus souvent pas ou plus la possibilit\u00e9 d\u2019en sortir physiquement du fait de leur perte d\u2019autonomie, de leur handicap ou \u00e0 cause de ressources financi\u00e8res limit\u00e9es. &hellip; <a href=\"http:\/\/telescapade.com\/index.php\/accueil\/bien-etre\/\" class=\"more-link\">Continuer la lecture de <span class=\"screen-reader-text\">BIEN-\u00caTRE &#038; SANT\u00c9<\/span>  <span class=\"meta-nav\">&rarr;<\/span><\/a><\/p>\n","protected":false},"author":1,"featured_media":125,"parent":2,"menu_order":0,"comment_status":"closed","ping_status":"closed","template":"","meta":{"footnotes":""},"_links":{"self":[{"href":"http:\/\/telescapade.com\/index.php\/wp-json\/wp\/v2\/pages\/43"}],"collection":[{"href":"http:\/\/telescapade.com\/index.php\/wp-json\/wp\/v2\/pages"}],"about":[{"href":"http:\/\/telescapade.com\/index.php\/wp-json\/wp\/v2\/types\/page"}],"author":[{"embeddable":true,"href":"http:\/\/telescapade.com\/index.php\/wp-json\/wp\/v2\/users\/1"}],"replies":[{"embeddable":true,"href":"http:\/\/telescapade.com\/index.php\/wp-json\/wp\/v2\/comments?post=43"}],"version-history":[{"count":13,"href":"http:\/\/telescapade.com\/index.php\/wp-json\/wp\/v2\/pages\/43\/revisions"}],"predecessor-version":[{"id":395,"href":"http:\/\/telescapade.com\/index.php\/wp-json\/wp\/v2\/pages\/43\/revisions\/395"}],"up":[{"embeddable":true,"href":"http:\/\/telescapade.com\/index.php\/wp-json\/wp\/v2\/pages\/2"}],"wp:featuredmedia":[{"embeddable":true,"href":"http:\/\/telescapade.com\/index.php\/wp-json\/wp\/v2\/media\/125"}],"wp:attachment":[{"href":"http:\/\/telescapade.com\/index.php\/wp-json\/wp\/v2\/media?parent=43"}],"curies":[{"name":"wp","href":"https:\/\/api.w.org\/{rel}","templated":true}]}}