{"id":41,"date":"2020-05-09T13:57:56","date_gmt":"2020-05-09T11:57:56","guid":{"rendered":"http:\/\/telescapade.com\/?page_id=41"},"modified":"2020-05-25T19:01:10","modified_gmt":"2020-05-25T17:01:10","slug":"sports","status":"publish","type":"page","link":"http:\/\/telescapade.com\/index.php\/accueil\/sports\/","title":{"rendered":"SPORTS"},"content":{"rendered":"<p><iframe loading=\"lazy\" width=\"474\" height=\"267\" src=\"https:\/\/www.youtube.com\/embed\/JC7TF1DoGOA?feature=oembed\" frameborder=\"0\" allow=\"accelerometer; autoplay; encrypted-media; gyroscope; picture-in-picture\" allowfullscreen><\/iframe><\/p>\n<p><strong>R\u00e9inventons ensemble les retransmissions sportives de demain<br \/>\n<\/strong><\/p>\n<p>Telescapade propose des \u00e9v\u00e9nements retransmis en direct sur de nombreuses comp\u00e9titions sportives n\u00e9cessitants de suivre l&rsquo;action en mobilit\u00e9.<\/p>\n<p>Vous pourrez plonger au c\u0153ur d&rsquo;un peloton, vivre les sensations d&rsquo;un skieur de l\u2019extr\u00eame, d&rsquo;un cavalier ou d&rsquo;un pilote de courses automobiles ou vous retrouver en face de votre joueur de tennis pr\u00e9f\u00e9r\u00e9 sur le court central de Roland Garros &#8230;<\/p>\n<p>Si vous \u00eates \u00e9quip\u00e9s de masque de R\u00e9alit\u00e9 Virtuelle, Telescapade vous permettra \u00e9galement de suivre des \u00e9v\u00e9nements de mani\u00e8res totalement immersive gr\u00e2ce \u00e0 des retransmissions 3D st\u00e9r\u00e9oscopiques (images en direct) en temps-r\u00e9el.<\/p>\n<p>L&rsquo;\u00e9quipe de Telescapade est \u00e0 votre \u00e9coute si vous souhaitez b\u00e2tir\u00a0 avec nous les activit\u00e9s sportives 3.0.<\/p>\n<hr \/>\n<p><strong>Ils nous soutiennent<\/strong><\/p>\n<p><img loading=\"lazy\" decoding=\"async\" class=\"alignnone size-full wp-image-269\" src=\"http:\/\/telescapade.com\/wp-content\/uploads\/2020\/05\/1200px-Logo_78.jpg.png\" alt=\"1200px-Logo_78.jpg\" width=\"1200\" height=\"397\" srcset=\"http:\/\/telescapade.com\/wp-content\/uploads\/2020\/05\/1200px-Logo_78.jpg.png 1200w, http:\/\/telescapade.com\/wp-content\/uploads\/2020\/05\/1200px-Logo_78.jpg-300x99.png 300w, http:\/\/telescapade.com\/wp-content\/uploads\/2020\/05\/1200px-Logo_78.jpg-768x254.png 768w, http:\/\/telescapade.com\/wp-content\/uploads\/2020\/05\/1200px-Logo_78.jpg-1024x339.png 1024w\" sizes=\"(max-width: 1200px) 100vw, 1200px\" \/><\/p>\n","protected":false},"excerpt":{"rendered":"<p>R\u00e9inventons ensemble les retransmissions sportives de demain Telescapade propose des \u00e9v\u00e9nements retransmis en direct sur de nombreuses comp\u00e9titions sportives n\u00e9cessitants de suivre l&rsquo;action en mobilit\u00e9. Vous pourrez plonger au c\u0153ur d&rsquo;un peloton, vivre les sensations d&rsquo;un skieur de l\u2019extr\u00eame, d&rsquo;un cavalier ou d&rsquo;un pilote de courses automobiles ou vous retrouver en face de votre joueur &hellip; <a href=\"http:\/\/telescapade.com\/index.php\/accueil\/sports\/\" class=\"more-link\">Continuer la lecture de <span class=\"screen-reader-text\">SPORTS<\/span>  <span class=\"meta-nav\">&rarr;<\/span><\/a><\/p>\n","protected":false},"author":1,"featured_media":463,"parent":2,"menu_order":0,"comment_status":"closed","ping_status":"closed","template":"","meta":{"footnotes":""},"_links":{"self":[{"href":"http:\/\/telescapade.com\/index.php\/wp-json\/wp\/v2\/pages\/41"}],"collection":[{"href":"http:\/\/telescapade.com\/index.php\/wp-json\/wp\/v2\/pages"}],"about":[{"href":"http:\/\/telescapade.com\/index.php\/wp-json\/wp\/v2\/types\/page"}],"author":[{"embeddable":true,"href":"http:\/\/telescapade.com\/index.php\/wp-json\/wp\/v2\/users\/1"}],"replies":[{"embeddable":true,"href":"http:\/\/telescapade.com\/index.php\/wp-json\/wp\/v2\/comments?post=41"}],"version-history":[{"count":7,"href":"http:\/\/telescapade.com\/index.php\/wp-json\/wp\/v2\/pages\/41\/revisions"}],"predecessor-version":[{"id":268,"href":"http:\/\/telescapade.com\/index.php\/wp-json\/wp\/v2\/pages\/41\/revisions\/268"}],"up":[{"embeddable":true,"href":"http:\/\/telescapade.com\/index.php\/wp-json\/wp\/v2\/pages\/2"}],"wp:featuredmedia":[{"embeddable":true,"href":"http:\/\/telescapade.com\/index.php\/wp-json\/wp\/v2\/media\/463"}],"wp:attachment":[{"href":"http:\/\/telescapade.com\/index.php\/wp-json\/wp\/v2\/media?parent=41"}],"curies":[{"name":"wp","href":"https:\/\/api.w.org\/{rel}","templated":true}]}}