{"id":399,"date":"2020-05-13T13:29:47","date_gmt":"2020-05-13T11:29:47","guid":{"rendered":"http:\/\/telescapade.com\/?page_id=399"},"modified":"2020-05-15T00:24:37","modified_gmt":"2020-05-14T22:24:37","slug":"plateforme","status":"publish","type":"page","link":"http:\/\/telescapade.com\/index.php\/plateforme\/","title":{"rendered":"PLATEFORME"},"content":{"rendered":"<section class=\"elementor-element elementor-element-b3e1322 elementor-section-boxed elementor-section-height-default elementor-section-height-default elementor-section elementor-top-section\" data-id=\"b3e1322\" data-element_type=\"section\">\n<div class=\"elementor-container elementor-column-gap-default\">\n<div class=\"elementor-row\">\n<div class=\"elementor-element elementor-element-a63f4a6 elementor-column elementor-col-100 elementor-top-column\" data-id=\"a63f4a6\" data-element_type=\"column\">\n<div class=\"elementor-column-wrap elementor-element-populated\">\n<div class=\"elementor-widget-wrap\">\n<div class=\"elementor-element elementor-element-4499aa9 elementor-widget elementor-widget-text-editor\" data-id=\"4499aa9\" data-element_type=\"text-editor.default\">\n<div class=\"elementor-widget-container\">\n<div class=\"elementor-text-editor elementor-clearfix\">\n<h3>WEB TV :<br \/>\nLa porte d\u2019acc\u00e8s aux t\u00e9l\u00e9portations<\/h3>\n<\/div>\n<\/div>\n<\/div>\n<\/div>\n<\/div>\n<div class=\"elementor-column-wrap elementor-element-populated\">\n<div class=\"elementor-widget-wrap\">\n<div class=\"elementor-element elementor-element-4499aa9 elementor-widget elementor-widget-text-editor\" data-id=\"4499aa9\" data-element_type=\"text-editor.default\">\n<div class=\"elementor-widget-container\">\n<div class=\"elementor-text-editor elementor-clearfix\">\n<p>&nbsp;<\/p>\n<\/div>\n<\/div>\n<\/div>\n<p style=\"text-align: center;\"><img loading=\"lazy\" decoding=\"async\" class=\"alignnone size-full wp-image-419\" src=\"http:\/\/telescapade.com\/wp-content\/uploads\/2020\/05\/Schema_Telescapade.png\" alt=\"Schema_Telescapade\" width=\"2720\" height=\"1399\" srcset=\"http:\/\/telescapade.com\/wp-content\/uploads\/2020\/05\/Schema_Telescapade.png 2720w, http:\/\/telescapade.com\/wp-content\/uploads\/2020\/05\/Schema_Telescapade-300x154.png 300w, http:\/\/telescapade.com\/wp-content\/uploads\/2020\/05\/Schema_Telescapade-768x395.png 768w, http:\/\/telescapade.com\/wp-content\/uploads\/2020\/05\/Schema_Telescapade-1024x527.png 1024w\" sizes=\"(max-width: 2720px) 100vw, 2720px\" \/><\/p>\n<div class=\"elementor-element elementor-element-4499aa9 elementor-widget elementor-widget-text-editor\" data-id=\"4499aa9\" data-element_type=\"text-editor.default\">\n<div class=\"elementor-widget-container\">\n<div class=\"elementor-text-editor elementor-clearfix\">\n<p>Notre plateforme int\u00e8gre diff\u00e9rentes fonctionnalit\u00e9s permettant d\u2019offrir \u00e0 notre communaut\u00e9 le maximum d\u2019interactions avec les professionnels lors des \u00e9v\u00e9nements en direct ou lors des consultations en diff\u00e9r\u00e9 :<\/p>\n<\/div>\n<\/div>\n<\/div>\n<\/div>\n<\/div>\n<\/div>\n<\/div>\n<\/div>\n<\/section>\n<section class=\"elementor-element elementor-element-3febbdb elementor-section-boxed elementor-section-height-default elementor-section-height-default elementor-section elementor-top-section\" data-id=\"3febbdb\" data-element_type=\"section\">\n<div class=\"elementor-container elementor-column-gap-default\">\n<div class=\"elementor-row\">\n<div class=\"elementor-element elementor-element-478a92b elementor-column elementor-col-100 elementor-top-column\" data-id=\"478a92b\" data-element_type=\"column\">\n<div class=\"elementor-column-wrap elementor-element-populated\">\n<div class=\"elementor-widget-wrap\">\n<section class=\"elementor-element elementor-element-1c26b11 elementor-section-boxed elementor-section-height-default elementor-section-height-default elementor-section elementor-inner-section\" data-id=\"1c26b11\" data-element_type=\"section\">\n<div class=\"elementor-container elementor-column-gap-default\">\n<div class=\"elementor-row\">\n<div class=\"elementor-element elementor-element-33ea8c7 elementor-column elementor-col-33 elementor-inner-column\" data-id=\"33ea8c7\" data-element_type=\"column\">\n<div class=\"elementor-column-wrap elementor-element-populated\">\n<div class=\"elementor-widget-wrap\">\n<div class=\"elementor-element elementor-element-de2ae1f elementor-widget elementor-widget-icon-list\" data-id=\"de2ae1f\" data-element_type=\"icon-list.default\">\n<div class=\"elementor-widget-container\">\n<ul class=\"elementor-icon-list-items\">\n<li class=\"elementor-icon-list-item\"><i class=\"fa fa-video-camera\"><\/i> <span class=\"elementor-icon-list-text\">Vid\u00e9oconf\u00e9rence et Live Stream<\/span><\/li>\n<li class=\"elementor-icon-list-item\"><i class=\"fa fa-map\"><\/i> <span class=\"elementor-icon-list-text\">Cartographie Google Map<\/span><\/li>\n<li class=\"elementor-icon-list-item\"><span class=\"elementor-icon-list-text\">Galerie vid\u00e9o YouTube<\/span><\/li>\n<li class=\"elementor-icon-list-item\"><span class=\"elementor-icon-list-text\">Fil de discussion Facebook<\/span><\/li>\n<li class=\"elementor-icon-list-item\"><span class=\"elementor-icon-list-text\">Actualit\u00e9s &amp; \u00e9v\u00e9nements<\/span><\/li>\n<li class=\"elementor-icon-list-item\"><span class=\"elementor-icon-list-text\">R\u00e9seau communautaire<\/span><\/li>\n<\/ul>\n<\/div>\n<\/div>\n<\/div>\n<\/div>\n<\/div>\n<\/div>\n<\/div>\n<\/section>\n<\/div>\n<\/div>\n<\/div>\n<\/div>\n<\/div>\n<\/section>\n<section class=\"elementor-element elementor-element-7d5bb0a elementor-section-boxed elementor-section-height-default elementor-section-height-default elementor-section elementor-top-section\" data-id=\"7d5bb0a\" data-element_type=\"section\">\n<div class=\"elementor-container elementor-column-gap-default\">\n<div class=\"elementor-row\">\n<div class=\"elementor-element elementor-element-c1072d0 elementor-column elementor-col-100 elementor-top-column\" data-id=\"c1072d0\" data-element_type=\"column\">\n<div class=\"elementor-column-wrap elementor-element-populated\">\n<div class=\"elementor-widget-wrap\">\n<div class=\"elementor-element elementor-element-ae9927c elementor-widget elementor-widget-text-editor\" data-id=\"ae9927c\" data-element_type=\"text-editor.default\">\n<div class=\"elementor-widget-container\">\n<div class=\"elementor-text-editor elementor-clearfix\">\n<h3>Un v\u00e9ritable hub communautaire<\/h3>\n<p>Notre plateforme permet d\u2019avoir les informations sur la g\u00e9olocalisation des \u00e9v\u00e9nements et des m\u00e9dias (photos et vid\u00e9os) sur une base cartographique. Notre plateforme propose \u00e9galement les \u00e9changes et interactions entre les internautes, membres de la communaut\u00e9 et les professionnels qui produisent et r\u00e9alisent les \u00e9v\u00e9nements. Cette plateforme int\u00e8gre le meilleur des r\u00e9seaux sociaux autour d\u2019une fonctionnalit\u00e9 de g\u00e9olocalisation des donn\u00e9es et \u00e9v\u00e9nements bas\u00e9e sur un acc\u00e8s cartographique. Cette plateforme regroupe, en un seul lieu, vos principaux r\u00e9seaux sociaux pour devenir LE hub social d\u00e9di\u00e9 aux activit\u00e9s touristiques, culturelles, sportives &#8230;<\/p>\n<div class=\"elementor-element elementor-element-b421951 elementor-widget elementor-widget-text-editor\" data-id=\"b421951\" data-element_type=\"text-editor.default\">\n<div class=\"elementor-widget-container\">\n<div class=\"elementor-text-editor elementor-clearfix\">\n<h3>Live streaming multi-points de vue<\/h3>\n<p>Une solution de visioconf\u00e9rence multi-cam\u00e9ras permet de consulter en direct des retransmissions avec plusieurs Points de Vues (POV) sans latence afin de proposer de v\u00e9ritables interactions entre les internautes et les professionnels, producteurs des \u00e9v\u00e9nements en direct.<\/p>\n<h3>Nos offres<\/h3>\n<p><img loading=\"lazy\" decoding=\"async\" class=\"alignnone size-full wp-image-431\" src=\"http:\/\/telescapade.com\/wp-content\/uploads\/2020\/05\/Notre_offre.png\" alt=\"Notre_offre\" width=\"2104\" height=\"1006\" srcset=\"http:\/\/telescapade.com\/wp-content\/uploads\/2020\/05\/Notre_offre.png 2104w, http:\/\/telescapade.com\/wp-content\/uploads\/2020\/05\/Notre_offre-300x143.png 300w, http:\/\/telescapade.com\/wp-content\/uploads\/2020\/05\/Notre_offre-768x367.png 768w, http:\/\/telescapade.com\/wp-content\/uploads\/2020\/05\/Notre_offre-1024x490.png 1024w\" sizes=\"(max-width: 2104px) 100vw, 2104px\" \/><\/p>\n<\/div>\n<\/div>\n<\/div>\n<\/div>\n<\/div>\n<\/div>\n<\/div>\n<\/div>\n<\/div>\n<\/div>\n<\/div>\n<\/section>\n","protected":false},"excerpt":{"rendered":"<p>WEB TV : La porte d\u2019acc\u00e8s aux t\u00e9l\u00e9portations &nbsp; Notre plateforme int\u00e8gre diff\u00e9rentes fonctionnalit\u00e9s permettant d\u2019offrir \u00e0 notre communaut\u00e9 le maximum d\u2019interactions avec les professionnels lors des \u00e9v\u00e9nements en direct ou lors des consultations en diff\u00e9r\u00e9 : Vid\u00e9oconf\u00e9rence et Live Stream Cartographie Google Map Galerie vid\u00e9o YouTube Fil de discussion Facebook Actualit\u00e9s &amp; \u00e9v\u00e9nements R\u00e9seau &hellip; <a href=\"http:\/\/telescapade.com\/index.php\/plateforme\/\" class=\"more-link\">Continuer la lecture de <span class=\"screen-reader-text\">PLATEFORME<\/span>  <span class=\"meta-nav\">&rarr;<\/span><\/a><\/p>\n","protected":false},"author":1,"featured_media":405,"parent":0,"menu_order":0,"comment_status":"closed","ping_status":"closed","template":"","meta":{"footnotes":""},"_links":{"self":[{"href":"http:\/\/telescapade.com\/index.php\/wp-json\/wp\/v2\/pages\/399"}],"collection":[{"href":"http:\/\/telescapade.com\/index.php\/wp-json\/wp\/v2\/pages"}],"about":[{"href":"http:\/\/telescapade.com\/index.php\/wp-json\/wp\/v2\/types\/page"}],"author":[{"embeddable":true,"href":"http:\/\/telescapade.com\/index.php\/wp-json\/wp\/v2\/users\/1"}],"replies":[{"embeddable":true,"href":"http:\/\/telescapade.com\/index.php\/wp-json\/wp\/v2\/comments?post=399"}],"version-history":[{"count":7,"href":"http:\/\/telescapade.com\/index.php\/wp-json\/wp\/v2\/pages\/399\/revisions"}],"predecessor-version":[{"id":433,"href":"http:\/\/telescapade.com\/index.php\/wp-json\/wp\/v2\/pages\/399\/revisions\/433"}],"wp:featuredmedia":[{"embeddable":true,"href":"http:\/\/telescapade.com\/index.php\/wp-json\/wp\/v2\/media\/405"}],"wp:attachment":[{"href":"http:\/\/telescapade.com\/index.php\/wp-json\/wp\/v2\/media?parent=399"}],"curies":[{"name":"wp","href":"https:\/\/api.w.org\/{rel}","templated":true}]}}