{"id":37,"date":"2020-05-09T13:57:22","date_gmt":"2020-05-09T11:57:22","guid":{"rendered":"http:\/\/telescapade.com\/?page_id=37"},"modified":"2020-05-12T00:01:13","modified_gmt":"2020-05-11T22:01:13","slug":"tourisme","status":"publish","type":"page","link":"http:\/\/telescapade.com\/index.php\/accueil\/tourisme\/","title":{"rendered":"TOURISME"},"content":{"rendered":"<p><img loading=\"lazy\" decoding=\"async\" class=\"alignnone size-full wp-image-115\" src=\"http:\/\/telescapade.com\/wp-content\/uploads\/2020\/05\/Tourisme.png\" alt=\"Tourisme\" width=\"2100\" height=\"1178\" srcset=\"http:\/\/telescapade.com\/wp-content\/uploads\/2020\/05\/Tourisme.png 2100w, http:\/\/telescapade.com\/wp-content\/uploads\/2020\/05\/Tourisme-300x168.png 300w, http:\/\/telescapade.com\/wp-content\/uploads\/2020\/05\/Tourisme-768x431.png 768w, http:\/\/telescapade.com\/wp-content\/uploads\/2020\/05\/Tourisme-1024x574.png 1024w\" sizes=\"(max-width: 2100px) 100vw, 2100px\" \/><\/p>\n<p><strong>R\u00e9inventons ensemble le tourisme de demain<\/strong><\/p>\n<p>Pand\u00e9mies, r\u00e9chauffement climatique, instabilit\u00e9s g\u00e9o-politiques&#8230; le tourisme de demain devra s&rsquo;adapter \u00e0 ces crises qui bouleversent la mobilit\u00e9 des voyageurs.<\/p>\n<p>Lieux et destinations touristiques accueillant du public, Offices de Tourisme, Tours Op\u00e9rateurs devront trouver des moyens pour faire face\u00a0 \u00e0 cette nouvelle situation en proposant des offres innovantes bas\u00e9es sur les nouvelles technologies, les nouveaux moyens de captation, de communication, d\u2019interactions avec le public, de storytelling et de mod\u00e8les \u00e9conomiques.<\/p>\n<p>Le digital, le virtuel et les retransmissions en direct devront proposer de nouvelles exp\u00e9riences utilisateurs.<\/p>\n<p>L&rsquo;\u00e9quipe de Telescapade est \u00e0 votre \u00e9coute si vous souhaitez b\u00e2tir\u00a0 avec nous le tourisme 3.0.<\/p>\n<hr \/>\n<p><strong>Ils nous soutiennent<\/strong><\/p>\n<p><img loading=\"lazy\" decoding=\"async\" class=\"size-full wp-image-280 aligncenter\" src=\"http:\/\/telescapade.com\/wp-content\/uploads\/2020\/05\/CVDL.png\" alt=\"CVDL\" width=\"298\" height=\"169\" \/><\/p>\n","protected":false},"excerpt":{"rendered":"<p>R\u00e9inventons ensemble le tourisme de demain Pand\u00e9mies, r\u00e9chauffement climatique, instabilit\u00e9s g\u00e9o-politiques&#8230; le tourisme de demain devra s&rsquo;adapter \u00e0 ces crises qui bouleversent la mobilit\u00e9 des voyageurs. Lieux et destinations touristiques accueillant du public, Offices de Tourisme, Tours Op\u00e9rateurs devront trouver des moyens pour faire face\u00a0 \u00e0 cette nouvelle situation en proposant des offres innovantes bas\u00e9es &hellip; <a href=\"http:\/\/telescapade.com\/index.php\/accueil\/tourisme\/\" class=\"more-link\">Continuer la lecture de <span class=\"screen-reader-text\">TOURISME<\/span>  <span class=\"meta-nav\">&rarr;<\/span><\/a><\/p>\n","protected":false},"author":1,"featured_media":70,"parent":2,"menu_order":0,"comment_status":"closed","ping_status":"closed","template":"","meta":{"footnotes":""},"_links":{"self":[{"href":"http:\/\/telescapade.com\/index.php\/wp-json\/wp\/v2\/pages\/37"}],"collection":[{"href":"http:\/\/telescapade.com\/index.php\/wp-json\/wp\/v2\/pages"}],"about":[{"href":"http:\/\/telescapade.com\/index.php\/wp-json\/wp\/v2\/types\/page"}],"author":[{"embeddable":true,"href":"http:\/\/telescapade.com\/index.php\/wp-json\/wp\/v2\/users\/1"}],"replies":[{"embeddable":true,"href":"http:\/\/telescapade.com\/index.php\/wp-json\/wp\/v2\/comments?post=37"}],"version-history":[{"count":10,"href":"http:\/\/telescapade.com\/index.php\/wp-json\/wp\/v2\/pages\/37\/revisions"}],"predecessor-version":[{"id":363,"href":"http:\/\/telescapade.com\/index.php\/wp-json\/wp\/v2\/pages\/37\/revisions\/363"}],"up":[{"embeddable":true,"href":"http:\/\/telescapade.com\/index.php\/wp-json\/wp\/v2\/pages\/2"}],"wp:featuredmedia":[{"embeddable":true,"href":"http:\/\/telescapade.com\/index.php\/wp-json\/wp\/v2\/media\/70"}],"wp:attachment":[{"href":"http:\/\/telescapade.com\/index.php\/wp-json\/wp\/v2\/media?parent=37"}],"curies":[{"name":"wp","href":"https:\/\/api.w.org\/{rel}","templated":true}]}}