{"id":296,"date":"2020-05-10T23:09:17","date_gmt":"2020-05-10T21:09:17","guid":{"rendered":"http:\/\/telescapade.com\/?page_id=296"},"modified":"2020-05-15T11:44:29","modified_gmt":"2020-05-15T09:44:29","slug":"formation","status":"publish","type":"page","link":"http:\/\/telescapade.com\/index.php\/formation\/","title":{"rendered":"FORMATION &#038; \u00c9DUCATION"},"content":{"rendered":"<p><iframe loading=\"lazy\" width=\"474\" height=\"267\" src=\"https:\/\/www.youtube.com\/embed\/ZdTdmcI6tVM?feature=oembed\" frameborder=\"0\" allow=\"accelerometer; autoplay; encrypted-media; gyroscope; picture-in-picture\" allowfullscreen><\/iframe><\/p>\n<p><strong>R\u00e9inventons ensemble la formation en mobilit\u00e9<br \/>\n<\/strong><\/p>\n<p>De nombreuses activit\u00e9s professionnelles de la vie se d\u00e9roulent en milieu ext\u00e9rieur et en mobilit\u00e9. Les personnes souhaitant suivre des cours en ligne ou des sessions d&rsquo;entrainements \u00e0 distance avec des formateurs nomades, in situ, ne peuvent actuellement pas le faire. Les webinaires, visioconf\u00e9rences, MOOC et plateformes de eLearning se faisant g\u00e9n\u00e9ralement de poste fixe \u00e0 poste fixe.<\/p>\n<p>Organismes de formation, universit\u00e9s, \u00e9coles, f\u00e9d\u00e9rations en entreprises proposant des activit\u00e9s \u00ab\u00a0outdoor\u00a0\u00bb pourraient \u00e9largir leurs m\u00e9thodes de formation sur le terrain.<\/p>\n<p>L&rsquo;\u00e9quipe de Telescapade est \u00e0 votre \u00e9coute si vous souhaitez d\u00e9velopper\u00a0 avec nous des programmes de formation en mobilit\u00e9 3.0.<\/p>\n<hr \/>\n","protected":false},"excerpt":{"rendered":"<p>R\u00e9inventons ensemble la formation en mobilit\u00e9 De nombreuses activit\u00e9s professionnelles de la vie se d\u00e9roulent en milieu ext\u00e9rieur et en mobilit\u00e9. Les personnes souhaitant suivre des cours en ligne ou des sessions d&rsquo;entrainements \u00e0 distance avec des formateurs nomades, in situ, ne peuvent actuellement pas le faire. Les webinaires, visioconf\u00e9rences, MOOC et plateformes de eLearning &hellip; <a href=\"http:\/\/telescapade.com\/index.php\/formation\/\" class=\"more-link\">Continuer la lecture de <span class=\"screen-reader-text\">FORMATION &#038; \u00c9DUCATION<\/span>  <span class=\"meta-nav\">&rarr;<\/span><\/a><\/p>\n","protected":false},"author":1,"featured_media":297,"parent":0,"menu_order":0,"comment_status":"closed","ping_status":"closed","template":"","meta":{"footnotes":""},"_links":{"self":[{"href":"http:\/\/telescapade.com\/index.php\/wp-json\/wp\/v2\/pages\/296"}],"collection":[{"href":"http:\/\/telescapade.com\/index.php\/wp-json\/wp\/v2\/pages"}],"about":[{"href":"http:\/\/telescapade.com\/index.php\/wp-json\/wp\/v2\/types\/page"}],"author":[{"embeddable":true,"href":"http:\/\/telescapade.com\/index.php\/wp-json\/wp\/v2\/users\/1"}],"replies":[{"embeddable":true,"href":"http:\/\/telescapade.com\/index.php\/wp-json\/wp\/v2\/comments?post=296"}],"version-history":[{"count":7,"href":"http:\/\/telescapade.com\/index.php\/wp-json\/wp\/v2\/pages\/296\/revisions"}],"predecessor-version":[{"id":435,"href":"http:\/\/telescapade.com\/index.php\/wp-json\/wp\/v2\/pages\/296\/revisions\/435"}],"wp:featuredmedia":[{"embeddable":true,"href":"http:\/\/telescapade.com\/index.php\/wp-json\/wp\/v2\/media\/297"}],"wp:attachment":[{"href":"http:\/\/telescapade.com\/index.php\/wp-json\/wp\/v2\/media?parent=296"}],"curies":[{"name":"wp","href":"https:\/\/api.w.org\/{rel}","templated":true}]}}