{"id":261,"date":"2020-05-10T18:19:50","date_gmt":"2020-05-10T16:19:50","guid":{"rendered":"http:\/\/telescapade.com\/?page_id=261"},"modified":"2020-05-17T11:14:33","modified_gmt":"2020-05-17T09:14:33","slug":"oceans","status":"publish","type":"page","link":"http:\/\/telescapade.com\/index.php\/oceans\/","title":{"rendered":"OCEANS"},"content":{"rendered":"<p><iframe loading=\"lazy\" width=\"474\" height=\"356\" src=\"https:\/\/www.youtube.com\/embed\/989fgBwfw9Q?feature=oembed\" frameborder=\"0\" allow=\"accelerometer; autoplay; encrypted-media; gyroscope; picture-in-picture\" allowfullscreen><\/iframe><\/p>\n<p><strong>R\u00e9inventons ensemble la d\u00e9couverte et l&rsquo;exploration des oc\u00e9ans<br \/>\n<\/strong><\/p>\n<p>R\u00e9chauffement des eaux, acidification, pollutions marines, disparition de la faune et de la flore sous-marine &#8230;<\/p>\n<p>Organisations de protection de l&rsquo;environnement, parcs nationaux et r\u00e9gionaux, scientifiques et biologistes doivent trouver des moyens novateurs pour sensibiliser le grand public \u00e0 la n\u00e9cessit\u00e9 et \u00e0 l&rsquo;urgence de sauvegarder nos oc\u00e9ans.<\/p>\n<p>R\u00e9seaux sociaux, sciences participatives, retransmissions en direct seront des outils indispensables pour mener \u00e0 bien cette sensibilisation notamment aupr\u00e8s des jeunes \u00e0 travers des programmes d&rsquo;\u00e9ducation \u00e0 destination des \u00e9coles.<\/p>\n<p>L&rsquo;\u00e9quipe de Telescapade est \u00e0 votre \u00e9coute si vous souhaitez b\u00e2tir\u00a0 avec nous des programmes d&rsquo;\u00e9ducation \u00e0 la protection des oc\u00e9ans 3.0.<\/p>\n<hr \/>\n<p><strong>Ils nous soutiennent<\/strong><\/p>\n<p><img loading=\"lazy\" decoding=\"async\" class=\"alignnone size-full wp-image-141\" src=\"http:\/\/telescapade.com\/wp-content\/uploads\/2020\/05\/71883447_109046347230289_7216322150007832576_o.jpg\" alt=\"71883447_109046347230289_7216322150007832576_o\" width=\"1920\" height=\"1080\" srcset=\"http:\/\/telescapade.com\/wp-content\/uploads\/2020\/05\/71883447_109046347230289_7216322150007832576_o.jpg 1920w, http:\/\/telescapade.com\/wp-content\/uploads\/2020\/05\/71883447_109046347230289_7216322150007832576_o-300x169.jpg 300w, http:\/\/telescapade.com\/wp-content\/uploads\/2020\/05\/71883447_109046347230289_7216322150007832576_o-768x432.jpg 768w, http:\/\/telescapade.com\/wp-content\/uploads\/2020\/05\/71883447_109046347230289_7216322150007832576_o-1024x576.jpg 1024w\" sizes=\"(max-width: 1920px) 100vw, 1920px\" \/><\/p>\n","protected":false},"excerpt":{"rendered":"<p>R\u00e9inventons ensemble la d\u00e9couverte et l&rsquo;exploration des oc\u00e9ans R\u00e9chauffement des eaux, acidification, pollutions marines, disparition de la faune et de la flore sous-marine &#8230; Organisations de protection de l&rsquo;environnement, parcs nationaux et r\u00e9gionaux, scientifiques et biologistes doivent trouver des moyens novateurs pour sensibiliser le grand public \u00e0 la n\u00e9cessit\u00e9 et \u00e0 l&rsquo;urgence de sauvegarder nos &hellip; <a href=\"http:\/\/telescapade.com\/index.php\/oceans\/\" class=\"more-link\">Continuer la lecture de <span class=\"screen-reader-text\">OCEANS<\/span>  <span class=\"meta-nav\">&rarr;<\/span><\/a><\/p>\n","protected":false},"author":1,"featured_media":71,"parent":0,"menu_order":0,"comment_status":"closed","ping_status":"closed","template":"","meta":{"footnotes":""},"_links":{"self":[{"href":"http:\/\/telescapade.com\/index.php\/wp-json\/wp\/v2\/pages\/261"}],"collection":[{"href":"http:\/\/telescapade.com\/index.php\/wp-json\/wp\/v2\/pages"}],"about":[{"href":"http:\/\/telescapade.com\/index.php\/wp-json\/wp\/v2\/types\/page"}],"author":[{"embeddable":true,"href":"http:\/\/telescapade.com\/index.php\/wp-json\/wp\/v2\/users\/1"}],"replies":[{"embeddable":true,"href":"http:\/\/telescapade.com\/index.php\/wp-json\/wp\/v2\/comments?post=261"}],"version-history":[{"count":3,"href":"http:\/\/telescapade.com\/index.php\/wp-json\/wp\/v2\/pages\/261\/revisions"}],"predecessor-version":[{"id":445,"href":"http:\/\/telescapade.com\/index.php\/wp-json\/wp\/v2\/pages\/261\/revisions\/445"}],"wp:featuredmedia":[{"embeddable":true,"href":"http:\/\/telescapade.com\/index.php\/wp-json\/wp\/v2\/media\/71"}],"wp:attachment":[{"href":"http:\/\/telescapade.com\/index.php\/wp-json\/wp\/v2\/media?parent=261"}],"curies":[{"name":"wp","href":"https:\/\/api.w.org\/{rel}","templated":true}]}}