{"id":2,"date":"2020-05-09T11:45:36","date_gmt":"2020-05-09T09:45:36","guid":{"rendered":"http:\/\/telescapade.com\/?page_id=2"},"modified":"2024-03-30T23:08:21","modified_gmt":"2024-03-30T22:08:21","slug":"accueil","status":"publish","type":"page","link":"http:\/\/telescapade.com\/","title":{"rendered":"Telescapade"},"content":{"rendered":"<p><strong>Vivre des \u00e9v\u00e9nements en direct par procuration<\/strong><\/p>\n<p><img loading=\"lazy\" decoding=\"async\" class=\"alignnone size-full wp-image-338\" src=\"http:\/\/telescapade.com\/wp-content\/uploads\/2020\/05\/TS7.png\" alt=\"TS7\" width=\"2294\" height=\"1020\" srcset=\"http:\/\/telescapade.com\/wp-content\/uploads\/2020\/05\/TS7.png 2294w, http:\/\/telescapade.com\/wp-content\/uploads\/2020\/05\/TS7-300x133.png 300w, http:\/\/telescapade.com\/wp-content\/uploads\/2020\/05\/TS7-768x341.png 768w, http:\/\/telescapade.com\/wp-content\/uploads\/2020\/05\/TS7-1024x455.png 1024w\" sizes=\"(max-width: 2294px) 100vw, 2294px\" \/><\/p>\n<p><strong>Telescapade<\/strong> permet de d\u00e9couvrir et d&rsquo;explorer le monde en direct\u00a0 gr\u00e2ce \u00e0 des solutions de retransmissions audiovisuelles mobiles op\u00e9r\u00e9es par des guides professionnels sur le terrain.<\/p>\n<hr \/>\n<p><strong>Connecter les professionnels avec leurs communaut\u00e9s<br \/>\n<\/strong><\/p>\n<p><img loading=\"lazy\" decoding=\"async\" class=\"alignnone size-full wp-image-23\" src=\"http:\/\/telescapade.com\/wp-content\/uploads\/2020\/05\/TS3.png\" alt=\"TS3\" width=\"2294\" height=\"1090\" srcset=\"http:\/\/telescapade.com\/wp-content\/uploads\/2020\/05\/TS3.png 2294w, http:\/\/telescapade.com\/wp-content\/uploads\/2020\/05\/TS3-300x143.png 300w, http:\/\/telescapade.com\/wp-content\/uploads\/2020\/05\/TS3-768x365.png 768w, http:\/\/telescapade.com\/wp-content\/uploads\/2020\/05\/TS3-1024x487.png 1024w\" sizes=\"(max-width: 2294px) 100vw, 2294px\" \/><\/p>\n<p class=\"elementor-icon-box-description\"><strong>Telescapde<\/strong> permet aux professionnels d&rsquo;activit\u00e9s Outdoor de faire d\u00e9couvrir leurs activit\u00e9s ou leurs territoires \u00e0 leurs communaut\u00e9s en temps-r\u00e9el et de mani\u00e8re interactive.<\/p>\n<hr \/>\n<p><strong>Des guides \u00e9quip\u00e9s de syst\u00e8mes de webcasts mobiles<\/strong><\/p>\n<p><img loading=\"lazy\" decoding=\"async\" class=\"alignnone size-full wp-image-22\" src=\"http:\/\/telescapade.com\/wp-content\/uploads\/2020\/05\/TS4.png\" alt=\"TS4\" width=\"2292\" height=\"1094\" srcset=\"http:\/\/telescapade.com\/wp-content\/uploads\/2020\/05\/TS4.png 2292w, http:\/\/telescapade.com\/wp-content\/uploads\/2020\/05\/TS4-300x143.png 300w, http:\/\/telescapade.com\/wp-content\/uploads\/2020\/05\/TS4-768x367.png 768w, http:\/\/telescapade.com\/wp-content\/uploads\/2020\/05\/TS4-1024x489.png 1024w\" sizes=\"(max-width: 2292px) 100vw, 2292px\" \/><\/p>\n<p>Nos guides, \u00e9quip\u00e9s de syst\u00e8mes mobiles de retransmissions audiovisuelles multi-cam\u00e9ras (d\u00e9velopp\u00e9s par <a href=\"http:\/\/virtualdive.com\" target=\"_blank\" rel=\"noopener\">VirtualDive<\/a>) permettront aux internautes connect\u00e9s \u00e0 <strong>Telescapade<\/strong>, de vivre des exp\u00e9riences immersives et interactives \u00e0 distance en et temps-r\u00e9el.<\/p>\n<hr \/>\n<p><strong>Des \u00e9v\u00e9nements multi-environnements retransmis en direct<\/strong><\/p>\n<p><img loading=\"lazy\" decoding=\"async\" class=\"alignnone size-full wp-image-18\" src=\"http:\/\/telescapade.com\/wp-content\/uploads\/2020\/05\/TS8.png\" alt=\"TS8\" width=\"2294\" height=\"1088\" srcset=\"http:\/\/telescapade.com\/wp-content\/uploads\/2020\/05\/TS8.png 2294w, http:\/\/telescapade.com\/wp-content\/uploads\/2020\/05\/TS8-300x142.png 300w, http:\/\/telescapade.com\/wp-content\/uploads\/2020\/05\/TS8-768x364.png 768w, http:\/\/telescapade.com\/wp-content\/uploads\/2020\/05\/TS8-1024x486.png 1024w\" sizes=\"(max-width: 2294px) 100vw, 2294px\" \/><\/p>\n<p>Au programme, d\u00e9couvertes de lieux touristiques et spectacles culturels, exploration de la nature, du c\u0153ur des oc\u00e9ans aux sommets des montagnes et activit\u00e9s sportives au plus pr\u00e8s de l\u2019action.<\/p>\n<hr \/>\n<p style=\"text-align: center;\"><strong>Acc\u00e8s \u00e0 la Web TV TELESCAPADE<\/strong><strong><br \/>\n<\/strong><\/p>\n<p style=\"text-align: center;\"><a href=\"http:\/\/telescapade.com\/index.php\/web-tv\/\"><img loading=\"lazy\" decoding=\"async\" class=\"alignnone wp-image-154\" src=\"http:\/\/telescapade.com\/wp-content\/uploads\/2020\/05\/WebTV.png\" alt=\"WebTV\" width=\"218\" height=\"95\" \/><\/a><\/p>\n","protected":false},"excerpt":{"rendered":"<p>Vivre des \u00e9v\u00e9nements en direct par procuration Telescapade permet de d\u00e9couvrir et d&rsquo;explorer le monde en direct\u00a0 gr\u00e2ce \u00e0 des solutions de retransmissions audiovisuelles mobiles op\u00e9r\u00e9es par des guides professionnels sur le terrain. Connecter les professionnels avec leurs communaut\u00e9s Telescapde permet aux professionnels d&rsquo;activit\u00e9s Outdoor de faire d\u00e9couvrir leurs activit\u00e9s ou leurs territoires \u00e0 leurs &hellip; <a href=\"http:\/\/telescapade.com\/\" class=\"more-link\">Continuer la lecture de <span class=\"screen-reader-text\">Telescapade<\/span>  <span class=\"meta-nav\">&rarr;<\/span><\/a><\/p>\n","protected":false},"author":1,"featured_media":358,"parent":0,"menu_order":0,"comment_status":"closed","ping_status":"open","template":"","meta":{"footnotes":""},"_links":{"self":[{"href":"http:\/\/telescapade.com\/index.php\/wp-json\/wp\/v2\/pages\/2"}],"collection":[{"href":"http:\/\/telescapade.com\/index.php\/wp-json\/wp\/v2\/pages"}],"about":[{"href":"http:\/\/telescapade.com\/index.php\/wp-json\/wp\/v2\/types\/page"}],"author":[{"embeddable":true,"href":"http:\/\/telescapade.com\/index.php\/wp-json\/wp\/v2\/users\/1"}],"replies":[{"embeddable":true,"href":"http:\/\/telescapade.com\/index.php\/wp-json\/wp\/v2\/comments?post=2"}],"version-history":[{"count":32,"href":"http:\/\/telescapade.com\/index.php\/wp-json\/wp\/v2\/pages\/2\/revisions"}],"predecessor-version":[{"id":498,"href":"http:\/\/telescapade.com\/index.php\/wp-json\/wp\/v2\/pages\/2\/revisions\/498"}],"wp:featuredmedia":[{"embeddable":true,"href":"http:\/\/telescapade.com\/index.php\/wp-json\/wp\/v2\/media\/358"}],"wp:attachment":[{"href":"http:\/\/telescapade.com\/index.php\/wp-json\/wp\/v2\/media?parent=2"}],"curies":[{"name":"wp","href":"https:\/\/api.w.org\/{rel}","templated":true}]}}