{"id":169,"date":"2020-05-10T13:43:05","date_gmt":"2020-05-10T11:43:05","guid":{"rendered":"http:\/\/telescapade.com\/?page_id=169"},"modified":"2020-05-15T17:17:40","modified_gmt":"2020-05-15T15:17:40","slug":"technologies","status":"publish","type":"page","link":"http:\/\/telescapade.com\/index.php\/accueil\/technologies\/","title":{"rendered":"TECHNOLOGIES"},"content":{"rendered":"<section class=\"elementor-element elementor-element-7d5bb0a elementor-section-boxed elementor-section-height-default elementor-section-height-default elementor-section elementor-top-section\" data-id=\"7d5bb0a\" data-element_type=\"section\">\n<div class=\"elementor-container elementor-column-gap-default\">\n<div class=\"elementor-row\">\n<div class=\"elementor-element elementor-element-c1072d0 elementor-column elementor-col-100 elementor-top-column\" data-id=\"c1072d0\" data-element_type=\"column\">\n<div class=\"elementor-column-wrap elementor-element-populated\">\n<div class=\"elementor-widget-wrap\">\n<div class=\"elementor-element elementor-element-ae9927c elementor-widget elementor-widget-text-editor\" data-id=\"ae9927c\" data-element_type=\"text-editor.default\">\n<div class=\"elementor-widget-container\">\n<div class=\"elementor-text-editor elementor-clearfix\">\n<div class=\"elementor-element elementor-element-b421951 elementor-widget elementor-widget-text-editor\" data-id=\"b421951\" data-element_type=\"text-editor.default\">\n<div class=\"elementor-widget-container\">\n<section class=\"elementor-element elementor-element-9b5fb59 elementor-section-boxed elementor-section-height-default elementor-section-height-default elementor-section elementor-top-section\" data-id=\"9b5fb59\" data-element_type=\"section\">\n<div class=\"elementor-container elementor-column-gap-default\">\n<div class=\"elementor-row\">\n<div class=\"elementor-element elementor-element-6287b93 elementor-column elementor-col-100 elementor-top-column\" data-id=\"6287b93\" data-element_type=\"column\">\n<div class=\"elementor-column-wrap elementor-element-populated\">\n<div class=\"elementor-widget-wrap\">\n<div class=\"elementor-element elementor-element-025d82d elementor-widget elementor-widget-heading\" data-id=\"025d82d\" data-element_type=\"heading.default\">\n<div class=\"elementor-widget-container\">\n<h3>TV.BOX\u00a0 :<br \/>\nDes ordinateurs d&rsquo;action tout terrain<\/h3>\n<p><img loading=\"lazy\" decoding=\"async\" class=\"alignnone size-full wp-image-443\" src=\"http:\/\/telescapade.com\/wp-content\/uploads\/2020\/05\/TVBox_Telescapade.png\" alt=\"TVBox_Telescapade\" width=\"2290\" height=\"1088\" srcset=\"http:\/\/telescapade.com\/wp-content\/uploads\/2020\/05\/TVBox_Telescapade.png 2290w, http:\/\/telescapade.com\/wp-content\/uploads\/2020\/05\/TVBox_Telescapade-300x143.png 300w, http:\/\/telescapade.com\/wp-content\/uploads\/2020\/05\/TVBox_Telescapade-768x365.png 768w, http:\/\/telescapade.com\/wp-content\/uploads\/2020\/05\/TVBox_Telescapade-1024x487.png 1024w\" sizes=\"(max-width: 2290px) 100vw, 2290px\" \/><\/p>\n<\/div>\n<\/div>\n<\/div>\n<\/div>\n<\/div>\n<\/div>\n<\/div>\n<\/section>\n<section class=\"elementor-element elementor-element-91a4854 elementor-section-boxed elementor-section-height-default elementor-section-height-default elementor-section elementor-top-section\" data-id=\"91a4854\" data-element_type=\"section\">\n<div class=\"elementor-container elementor-column-gap-default\">\n<div class=\"elementor-row\">\n<div class=\"elementor-element elementor-element-48a3d3d elementor-column elementor-col-100 elementor-top-column\" data-id=\"48a3d3d\" data-element_type=\"column\">\n<div class=\"elementor-column-wrap elementor-element-populated\">\n<div class=\"elementor-widget-wrap\">\n<div class=\"elementor-element elementor-element-4a36c4b elementor-widget elementor-widget-text-editor\" data-id=\"4a36c4b\" data-element_type=\"text-editor.default\">\n<div class=\"elementor-widget-container\">\n<div class=\"elementor-text-editor elementor-clearfix\">\n<p>Nos appareils, v\u00e9ritables r\u00e9gies mobiles, sont con\u00e7us comme des syst\u00e8mes polyvalents et ouverts pouvant int\u00e9grer diff\u00e9rents types de p\u00e9riph\u00e9riques et de capteurs. Ils peuvent \u00eatre int\u00e9gr\u00e9s \u00e0 plusieurs types de supports selon les usages (en sous-marin, \u00e0 la surface de l\u2019eau, en terrestre, en a\u00e9rien\u2026). Nos ordinateurs peuvent soit permettre la prise de vue \u00e0 la premi\u00e8re personne en FPV (First Person View) en pla\u00e7ant, par exemple, la cam\u00e9ra sur le casque de l\u2019utilisateur et en lib\u00e9rant ainsi les mains ou bien pour filmer l\u2019action en d\u00e9port\u00e9. La R\u00e9alit\u00e9 Virtuelle 3D, partag\u00e9e par internet peut enfin \u00eatre utilis\u00e9e en mobilit\u00e9 sur tout les terrains.<\/p>\n<p><img loading=\"lazy\" decoding=\"async\" class=\"alignnone size-full wp-image-176\" src=\"http:\/\/telescapade.com\/wp-content\/uploads\/2020\/05\/ActionComp.png\" alt=\"ActionComp\" width=\"1124\" height=\"357\" srcset=\"http:\/\/telescapade.com\/wp-content\/uploads\/2020\/05\/ActionComp.png 1124w, http:\/\/telescapade.com\/wp-content\/uploads\/2020\/05\/ActionComp-300x95.png 300w, http:\/\/telescapade.com\/wp-content\/uploads\/2020\/05\/ActionComp-768x244.png 768w, http:\/\/telescapade.com\/wp-content\/uploads\/2020\/05\/ActionComp-1024x325.png 1024w\" sizes=\"(max-width: 1124px) 100vw, 1124px\" \/><\/p>\n<\/div>\n<\/div>\n<\/div>\n<\/div>\n<\/div>\n<\/div>\n<\/div>\n<\/div>\n<\/section>\n<section class=\"elementor-element elementor-element-b58996d elementor-section-boxed elementor-section-height-default elementor-section-height-default elementor-section elementor-top-section\" data-id=\"b58996d\" data-element_type=\"section\">\n<div class=\"elementor-container elementor-column-gap-default\">\n<div class=\"elementor-row\">\n<div class=\"elementor-element elementor-element-39037e0 elementor-column elementor-col-100 elementor-top-column\" data-id=\"39037e0\" data-element_type=\"column\">\n<div class=\"elementor-column-wrap elementor-element-populated\">\n<div class=\"elementor-widget-wrap\">\n<div class=\"elementor-element elementor-element-f31d4c3 elementor-align-left elementor-widget elementor-widget-icon-list\" data-id=\"f31d4c3\" data-element_type=\"icon-list.default\">\n<div class=\"elementor-widget-container\">\n<ul class=\"elementor-icon-list-items\">\n<li class=\"elementor-icon-list-item\"><i class=\"fa fa-check-circle-o\"><\/i> <span class=\"elementor-icon-list-text\">Vid\u00e9oconf\u00e9rence en mobilit\u00e9 et sans latence<\/span><\/li>\n<li class=\"elementor-icon-list-item\"><i class=\"fa fa-check-circle-o\"><\/i> <span class=\"elementor-icon-list-text\">Retransmission 2D augment\u00e9e (\u00e0 venir)<br \/>\n<\/span><\/li>\n<li class=\"elementor-icon-list-item\"><i class=\"fa fa-check-circle-o\"><\/i> <span class=\"elementor-icon-list-text\">Retransmission R\u00e9alit\u00e9 Virtuelle 3D<\/span><\/li>\n<li class=\"elementor-icon-list-item\"><i class=\"fa fa-check-circle-o\"><\/i> <span class=\"elementor-icon-list-text\">G\u00e9olocalisation des \u00e9v\u00e9nements<\/span><\/li>\n<li class=\"elementor-icon-list-item\"><i class=\"fa fa-check-circle-o\"><\/i> <span class=\"elementor-icon-list-text\">Enregistrement pour rediffusion en diff\u00e9r\u00e9e<\/span><\/li>\n<\/ul>\n<p>La conception modulaire de nos appareils BOX.TV et de notre service de WEB.TV permet aux op\u00e9rateurs de retransmettre en temps-r\u00e9el plusieurs Points de Vue en simultan\u00e9 provenant de diff\u00e9rentes type de cam\u00e9ras : webcam, cam\u00e9ra 3D (visualisation immersive en R\u00e9alit\u00e9 Virtuelle), cam\u00e9ra infra-rouge (vision de nuit), endoscopique, microscopique en fonction de vos besoins afin que les internautes puissent s\u2019immerger dans vos \u00e9v\u00e9nements.<em><br \/>\n<\/em><\/p>\n<p><img loading=\"lazy\" decoding=\"async\" class=\"alignnone size-full wp-image-192\" src=\"http:\/\/telescapade.com\/wp-content\/uploads\/2020\/05\/Visions-1024x224.png\" alt=\"Visions-1024x224\" width=\"1024\" height=\"224\" srcset=\"http:\/\/telescapade.com\/wp-content\/uploads\/2020\/05\/Visions-1024x224.png 1024w, http:\/\/telescapade.com\/wp-content\/uploads\/2020\/05\/Visions-1024x224-300x66.png 300w, http:\/\/telescapade.com\/wp-content\/uploads\/2020\/05\/Visions-1024x224-768x168.png 768w\" sizes=\"(max-width: 1024px) 100vw, 1024px\" \/><\/p>\n<hr \/>\n<p>La WEB.TV et les TV.Box sont des solutions bas\u00e9es sur les technologies \u00ab\u00a0TeleVirtuality\u00a0\u00bb d\u00e9velopp\u00e9es par notre partenaire <a href=\"http:\/\/virtualdive.com\" target=\"_blank\">VirtualDive<\/a>.<\/p>\n<p style=\"text-align: center;\"><em>Powered by<\/em><\/p>\n<p style=\"text-align: center;\"><a href=\"http:\/\/virtualdive.com\" target=\"_blank\"><img loading=\"lazy\" decoding=\"async\" class=\"alignnone wp-image-196\" src=\"http:\/\/telescapade.com\/wp-content\/uploads\/2020\/05\/280_VirtualDive.jpg\" alt=\"280_VirtualDive\" width=\"185\" height=\"110\" srcset=\"http:\/\/telescapade.com\/wp-content\/uploads\/2020\/05\/280_VirtualDive.jpg 640w, http:\/\/telescapade.com\/wp-content\/uploads\/2020\/05\/280_VirtualDive-300x178.jpg 300w\" sizes=\"(max-width: 185px) 100vw, 185px\" \/><\/a><\/p>\n<\/div>\n<\/div>\n<\/div>\n<\/div>\n<\/div>\n<\/div>\n<\/div>\n<\/section>\n<\/div>\n<\/div>\n<\/div>\n<\/div>\n<\/div>\n<\/div>\n<\/div>\n<\/div>\n<\/div>\n<\/div>\n<\/section>\n","protected":false},"excerpt":{"rendered":"<p>TV.BOX\u00a0 : Des ordinateurs d&rsquo;action tout terrain Nos appareils, v\u00e9ritables r\u00e9gies mobiles, sont con\u00e7us comme des syst\u00e8mes polyvalents et ouverts pouvant int\u00e9grer diff\u00e9rents types de p\u00e9riph\u00e9riques et de capteurs. Ils peuvent \u00eatre int\u00e9gr\u00e9s \u00e0 plusieurs types de supports selon les usages (en sous-marin, \u00e0 la surface de l\u2019eau, en terrestre, en a\u00e9rien\u2026). Nos ordinateurs peuvent &hellip; <a href=\"http:\/\/telescapade.com\/index.php\/accueil\/technologies\/\" class=\"more-link\">Continuer la lecture de <span class=\"screen-reader-text\">TECHNOLOGIES<\/span>  <span class=\"meta-nav\">&rarr;<\/span><\/a><\/p>\n","protected":false},"author":1,"featured_media":333,"parent":2,"menu_order":0,"comment_status":"closed","ping_status":"closed","template":"","meta":{"footnotes":""},"_links":{"self":[{"href":"http:\/\/telescapade.com\/index.php\/wp-json\/wp\/v2\/pages\/169"}],"collection":[{"href":"http:\/\/telescapade.com\/index.php\/wp-json\/wp\/v2\/pages"}],"about":[{"href":"http:\/\/telescapade.com\/index.php\/wp-json\/wp\/v2\/types\/page"}],"author":[{"embeddable":true,"href":"http:\/\/telescapade.com\/index.php\/wp-json\/wp\/v2\/users\/1"}],"replies":[{"embeddable":true,"href":"http:\/\/telescapade.com\/index.php\/wp-json\/wp\/v2\/comments?post=169"}],"version-history":[{"count":17,"href":"http:\/\/telescapade.com\/index.php\/wp-json\/wp\/v2\/pages\/169\/revisions"}],"predecessor-version":[{"id":442,"href":"http:\/\/telescapade.com\/index.php\/wp-json\/wp\/v2\/pages\/169\/revisions\/442"}],"up":[{"embeddable":true,"href":"http:\/\/telescapade.com\/index.php\/wp-json\/wp\/v2\/pages\/2"}],"wp:featuredmedia":[{"embeddable":true,"href":"http:\/\/telescapade.com\/index.php\/wp-json\/wp\/v2\/media\/333"}],"wp:attachment":[{"href":"http:\/\/telescapade.com\/index.php\/wp-json\/wp\/v2\/media?parent=169"}],"curies":[{"name":"wp","href":"https:\/\/api.w.org\/{rel}","templated":true}]}}