{"id":165,"date":"2020-05-10T13:42:09","date_gmt":"2020-05-10T11:42:09","guid":{"rendered":"http:\/\/telescapade.com\/?page_id=165"},"modified":"2023-10-26T23:44:06","modified_gmt":"2023-10-26T21:44:06","slug":"equipe","status":"publish","type":"page","link":"http:\/\/telescapade.com\/index.php\/accueil\/equipe\/","title":{"rendered":"\u00c9QUIPE"},"content":{"rendered":"<h5 style=\"text-align: center;\"><strong>Notre \u00e9quipe pluridisciplinaire est compos\u00e9e de professionnels et d\u2019entrepreneurs passionn\u00e9s d\u2019innovation, de communication, d\u2019activit\u00e9s sportives, culturelles, de voyages, de nature et, plus que tout, de projets porteurs de sens social, soci\u00e9tal et environnemental pour le monde de demain. <\/strong><\/h5>\n<h5 style=\"text-align: center;\"><strong>Notre devise :<br \/>\n<em>\u00ab\u00a0Rendre accessible l&rsquo;inaccessible\u00a0\u00bb<\/em> <\/strong><\/h5>\n<p><img loading=\"lazy\" decoding=\"async\" class=\"alignnone size-full wp-image-473\" src=\"http:\/\/telescapade.com\/wp-content\/uploads\/2020\/05\/Car_Telescapade.png\" alt=\"Car_Telescapade\" width=\"2000\" height=\"1125\" srcset=\"http:\/\/telescapade.com\/wp-content\/uploads\/2020\/05\/Car_Telescapade.png 2000w, http:\/\/telescapade.com\/wp-content\/uploads\/2020\/05\/Car_Telescapade-300x169.png 300w, http:\/\/telescapade.com\/wp-content\/uploads\/2020\/05\/Car_Telescapade-768x432.png 768w, http:\/\/telescapade.com\/wp-content\/uploads\/2020\/05\/Car_Telescapade-1024x576.png 1024w\" sizes=\"(max-width: 2000px) 100vw, 2000px\" \/><\/p>\n<h5 style=\"text-align: center;\"><strong><br \/>\n<em>\u00ab\u00a0Embarquez avec nous \u00e0 la d\u00e9couverte de nos territoires !\u00a0\u00bb<br \/>\n<\/em><\/strong><\/h5>\n<p>Vous voulez rejoindre une aventure hors du commun, porteuse de sens ? Telescapade recherche des \u00ab\u00a0Telescapeurs \/ Telescapeuses\u00a0\u00bb souhaitant rejoindre notre r\u00e9seaux de guides conf\u00e9renciers sp\u00e9cialis\u00e9s sur des th\u00e9matiques li\u00e9es \u00e0 nos activit\u00e9s (tourisme, culture, patrimoine, sports, nature&#8230;) pour des actions en direct sur le terrain et\/ou \u00e0 distance via notre plateforme de visioconf\u00e9rence.<\/p>\n<p style=\"text-align: center;\"><img loading=\"lazy\" decoding=\"async\" class=\"alignnone wp-image-459\" src=\"http:\/\/telescapade.com\/wp-content\/uploads\/2020\/05\/Telescapeurs.png\" alt=\"Telescapeurs\" width=\"122\" height=\"383\" \/><\/p>\n<p style=\"text-align: center;\"><strong>Merci de nous contacter au plus vite !<\/strong><\/p>\n","protected":false},"excerpt":{"rendered":"<p>Notre \u00e9quipe pluridisciplinaire est compos\u00e9e de professionnels et d\u2019entrepreneurs passionn\u00e9s d\u2019innovation, de communication, d\u2019activit\u00e9s sportives, culturelles, de voyages, de nature et, plus que tout, de projets porteurs de sens social, soci\u00e9tal et environnemental pour le monde de demain. Notre devise : \u00ab\u00a0Rendre accessible l&rsquo;inaccessible\u00a0\u00bb \u00ab\u00a0Embarquez avec nous \u00e0 la d\u00e9couverte de nos territoires !\u00a0\u00bb Vous &hellip; <a href=\"http:\/\/telescapade.com\/index.php\/accueil\/equipe\/\" class=\"more-link\">Continuer la lecture de <span class=\"screen-reader-text\">\u00c9QUIPE<\/span>  <span class=\"meta-nav\">&rarr;<\/span><\/a><\/p>\n","protected":false},"author":1,"featured_media":407,"parent":2,"menu_order":0,"comment_status":"closed","ping_status":"closed","template":"","meta":{"footnotes":""},"_links":{"self":[{"href":"http:\/\/telescapade.com\/index.php\/wp-json\/wp\/v2\/pages\/165"}],"collection":[{"href":"http:\/\/telescapade.com\/index.php\/wp-json\/wp\/v2\/pages"}],"about":[{"href":"http:\/\/telescapade.com\/index.php\/wp-json\/wp\/v2\/types\/page"}],"author":[{"embeddable":true,"href":"http:\/\/telescapade.com\/index.php\/wp-json\/wp\/v2\/users\/1"}],"replies":[{"embeddable":true,"href":"http:\/\/telescapade.com\/index.php\/wp-json\/wp\/v2\/comments?post=165"}],"version-history":[{"count":20,"href":"http:\/\/telescapade.com\/index.php\/wp-json\/wp\/v2\/pages\/165\/revisions"}],"predecessor-version":[{"id":489,"href":"http:\/\/telescapade.com\/index.php\/wp-json\/wp\/v2\/pages\/165\/revisions\/489"}],"up":[{"embeddable":true,"href":"http:\/\/telescapade.com\/index.php\/wp-json\/wp\/v2\/pages\/2"}],"wp:featuredmedia":[{"embeddable":true,"href":"http:\/\/telescapade.com\/index.php\/wp-json\/wp\/v2\/media\/407"}],"wp:attachment":[{"href":"http:\/\/telescapade.com\/index.php\/wp-json\/wp\/v2\/media?parent=165"}],"curies":[{"name":"wp","href":"https:\/\/api.w.org\/{rel}","templated":true}]}}